{"id":56,"date":"2021-09-07T20:36:48","date_gmt":"2021-09-07T17:36:48","guid":{"rendered":"https:\/\/aarrekammio.com\/?page_id=56"},"modified":"2021-09-22T20:42:10","modified_gmt":"2021-09-22T17:42:10","slug":"etusivu","status":"publish","type":"page","link":"https:\/\/aarrekammio.com\/?page_id=56","title":{"rendered":"PALVELUT"},"content":{"rendered":"\n<p class=\"has-text-align-center\">Vuokraamme isoa 10 hengen per\u00e4k\u00e4rrypaljua Vill\u00e4hteell\u00e4 Lahdessa.<br>.<br>.<\/p>\n\n\n\n<figure class=\"wp-block-image size-large is-style-rounded\"><img loading=\"lazy\" decoding=\"async\" width=\"1024\" height=\"768\" src=\"https:\/\/aarrekammio.com\/wp-content\/uploads\/2021\/09\/1-1024x768.jpg\" alt=\"\" class=\"wp-image-188\" srcset=\"https:\/\/aarrekammio.com\/wp-content\/uploads\/2021\/09\/1-1024x768.jpg 1024w, https:\/\/aarrekammio.com\/wp-content\/uploads\/2021\/09\/1-300x225.jpg 300w, https:\/\/aarrekammio.com\/wp-content\/uploads\/2021\/09\/1-768x576.jpg 768w, https:\/\/aarrekammio.com\/wp-content\/uploads\/2021\/09\/1-1536x1152.jpg 1536w, https:\/\/aarrekammio.com\/wp-content\/uploads\/2021\/09\/1-2048x1536.jpg 2048w\" sizes=\"auto, (max-width: 1024px) 100vw, 1024px\" \/><\/figure>\n\n\n\n<p class=\"has-text-align-center\">.<br>.<br>.<br>.<br><\/p>\n\n\n\n<p class=\"has-text-align-center\">Teemme my\u00f6s pieni\u00e4 ulkorakennust\u00f6it\u00e4 (mm kestopuiset terassit, piha-aitat, pihavarastot) sek\u00e4 huoltohommia (mm huoltomaalaukset, r\u00e4nninen puhdistukset ja korjaukset) <br>.<br>.<br>.<br>.<br><br>Meilt\u00e4 onnistuvat my\u00f6s pihojen lumity\u00f6t Vill\u00e4hteen alueella aurallisen m\u00f6nkij\u00e4n <br>ja j\u00e4ljet viimeistelev\u00e4n lumilapion avulla. Puolessa tunnissa tekee jo v\u00e4h\u00e4n isommankin pihan lumity\u00f6t ja veloitus puolen tunnin ty\u00f6st\u00e4 on vain 25\u20ac<br>.<br><br>Kysy lis\u00e4\u00e4 soittamalla!<br>040-5421871<br>.<\/p>\n\n\n\n<p class=\"has-text-align-center\">Tuntiveloitus rakennus- ja huoltot\u00f6ist\u00e4 on 49\u20ac\/h (sis alv)<\/p>\n\n\n\n<p class=\"has-text-align-center\">T\u00f6ist\u00e4mme saa kotitalousv\u00e4hennyksen.<\/p>\n\n\n\n<p class=\"has-text-align-center\">.<br>.<br>.<br>.<br>.<br>.<br>.<br>.<br>.<br><\/p>\n\n\n\n<p><\/p>\n\n\n\n<p><\/p>\n\n\n\n<p><\/p>\n\n\n\n<p><\/p>\n\n\n\n<p><\/p>\n\n\n\n<p class=\"has-text-align-center\">Paljun vuokraus Lahti<\/p>\n","protected":false},"excerpt":{"rendered":"<p>Vuokraamme isoa 10 hengen per\u00e4k\u00e4rrypaljua Vill\u00e4hteell\u00e4 Lahdessa&#8230; &#8230;. Teemme my\u00f6s pieni\u00e4 ulkorakennust\u00f6it\u00e4 (mm kestopuiset terassit, piha-aitat, pihavarastot) sek\u00e4 huoltohommia (mm huoltomaalaukset, r\u00e4nninen puhdistukset ja korjaukset) &#8230;. Meilt\u00e4 onnistuvat my\u00f6s pihojen lumity\u00f6t Vill\u00e4hteen alueella aurallisen m\u00f6nkij\u00e4n ja j\u00e4ljet viimeistelev\u00e4n lumilapion avulla.<span class=\"more-button\"><a href=\"https:\/\/aarrekammio.com\/?page_id=56\" class=\"more-link\">Continue reading<span class=\"screen-reader-text\">PALVELUT<\/span><\/a><\/a><\/p>\n","protected":false},"author":1,"featured_media":0,"parent":0,"menu_order":1,"comment_status":"closed","ping_status":"closed","template":"","meta":{"footnotes":""},"class_list":["post-56","page","type-page","status-publish","hentry"],"yoast_head":"<!-- This site is optimized with the Yoast SEO plugin v25.8 - https:\/\/yoast.com\/wordpress\/plugins\/seo\/ -->\n<title>PALVELUT - AARREKAMMIO OY<\/title>\n<meta name=\"description\" content=\"Paljun vuokraus Lahti\" \/>\n<meta name=\"robots\" content=\"index, follow, max-snippet:-1, max-image-preview:large, max-video-preview:-1\" \/>\n<link rel=\"canonical\" href=\"https:\/\/aarrekammio.com\/?page_id=56\" \/>\n<meta property=\"og:locale\" content=\"en_US\" \/>\n<meta property=\"og:type\" content=\"article\" \/>\n<meta property=\"og:title\" content=\"PALVELUT - AARREKAMMIO OY\" \/>\n<meta property=\"og:description\" content=\"Paljun vuokraus Lahti\" \/>\n<meta property=\"og:url\" content=\"https:\/\/aarrekammio.com\/?page_id=56\" \/>\n<meta property=\"og:site_name\" content=\"AARREKAMMIO OY\" \/>\n<meta property=\"article:modified_time\" content=\"2021-09-22T17:42:10+00:00\" \/>\n<meta property=\"og:image\" content=\"https:\/\/aarrekammio.com\/wp-content\/uploads\/2021\/09\/1-1024x768.jpg\" \/>\n<meta name=\"twitter:card\" content=\"summary_large_image\" \/>\n<meta name=\"twitter:label1\" content=\"Est. reading time\" \/>\n\t<meta name=\"twitter:data1\" content=\"1 minute\" \/>\n<script type=\"application\/ld+json\" class=\"yoast-schema-graph\">{\"@context\":\"https:\/\/schema.org\",\"@graph\":[{\"@type\":\"WebPage\",\"@id\":\"https:\/\/aarrekammio.com\/?page_id=56\",\"url\":\"https:\/\/aarrekammio.com\/?page_id=56\",\"name\":\"PALVELUT - AARREKAMMIO OY\",\"isPartOf\":{\"@id\":\"https:\/\/aarrekammio.com\/#website\"},\"primaryImageOfPage\":{\"@id\":\"https:\/\/aarrekammio.com\/?page_id=56#primaryimage\"},\"image\":{\"@id\":\"https:\/\/aarrekammio.com\/?page_id=56#primaryimage\"},\"thumbnailUrl\":\"https:\/\/aarrekammio.com\/wp-content\/uploads\/2021\/09\/1-1024x768.jpg\",\"datePublished\":\"2021-09-07T17:36:48+00:00\",\"dateModified\":\"2021-09-22T17:42:10+00:00\",\"description\":\"Paljun vuokraus Lahti\",\"breadcrumb\":{\"@id\":\"https:\/\/aarrekammio.com\/?page_id=56#breadcrumb\"},\"inLanguage\":\"en-US\",\"potentialAction\":[{\"@type\":\"ReadAction\",\"target\":[\"https:\/\/aarrekammio.com\/?page_id=56\"]}]},{\"@type\":\"ImageObject\",\"inLanguage\":\"en-US\",\"@id\":\"https:\/\/aarrekammio.com\/?page_id=56#primaryimage\",\"url\":\"https:\/\/aarrekammio.com\/wp-content\/uploads\/2021\/09\/1-scaled.jpg\",\"contentUrl\":\"https:\/\/aarrekammio.com\/wp-content\/uploads\/2021\/09\/1-scaled.jpg\",\"width\":2560,\"height\":1920},{\"@type\":\"BreadcrumbList\",\"@id\":\"https:\/\/aarrekammio.com\/?page_id=56#breadcrumb\",\"itemListElement\":[{\"@type\":\"ListItem\",\"position\":1,\"name\":\"Etusivu\",\"item\":\"https:\/\/aarrekammio.com\/\"},{\"@type\":\"ListItem\",\"position\":2,\"name\":\"PALVELUT\"}]},{\"@type\":\"WebSite\",\"@id\":\"https:\/\/aarrekammio.com\/#website\",\"url\":\"https:\/\/aarrekammio.com\/\",\"name\":\"AARREKAMMIO OY\",\"description\":\"\",\"potentialAction\":[{\"@type\":\"SearchAction\",\"target\":{\"@type\":\"EntryPoint\",\"urlTemplate\":\"https:\/\/aarrekammio.com\/?s={search_term_string}\"},\"query-input\":{\"@type\":\"PropertyValueSpecification\",\"valueRequired\":true,\"valueName\":\"search_term_string\"}}],\"inLanguage\":\"en-US\"}]}<\/script>\n<!-- \/ Yoast SEO plugin. -->","yoast_head_json":{"title":"PALVELUT - AARREKAMMIO OY","description":"Paljun vuokraus Lahti","robots":{"index":"index","follow":"follow","max-snippet":"max-snippet:-1","max-image-preview":"max-image-preview:large","max-video-preview":"max-video-preview:-1"},"canonical":"https:\/\/aarrekammio.com\/?page_id=56","og_locale":"en_US","og_type":"article","og_title":"PALVELUT - AARREKAMMIO OY","og_description":"Paljun vuokraus Lahti","og_url":"https:\/\/aarrekammio.com\/?page_id=56","og_site_name":"AARREKAMMIO OY","article_modified_time":"2021-09-22T17:42:10+00:00","og_image":[{"url":"https:\/\/aarrekammio.com\/wp-content\/uploads\/2021\/09\/1-1024x768.jpg","type":"","width":"","height":""}],"twitter_card":"summary_large_image","twitter_misc":{"Est. reading time":"1 minute"},"schema":{"@context":"https:\/\/schema.org","@graph":[{"@type":"WebPage","@id":"https:\/\/aarrekammio.com\/?page_id=56","url":"https:\/\/aarrekammio.com\/?page_id=56","name":"PALVELUT - AARREKAMMIO OY","isPartOf":{"@id":"https:\/\/aarrekammio.com\/#website"},"primaryImageOfPage":{"@id":"https:\/\/aarrekammio.com\/?page_id=56#primaryimage"},"image":{"@id":"https:\/\/aarrekammio.com\/?page_id=56#primaryimage"},"thumbnailUrl":"https:\/\/aarrekammio.com\/wp-content\/uploads\/2021\/09\/1-1024x768.jpg","datePublished":"2021-09-07T17:36:48+00:00","dateModified":"2021-09-22T17:42:10+00:00","description":"Paljun vuokraus Lahti","breadcrumb":{"@id":"https:\/\/aarrekammio.com\/?page_id=56#breadcrumb"},"inLanguage":"en-US","potentialAction":[{"@type":"ReadAction","target":["https:\/\/aarrekammio.com\/?page_id=56"]}]},{"@type":"ImageObject","inLanguage":"en-US","@id":"https:\/\/aarrekammio.com\/?page_id=56#primaryimage","url":"https:\/\/aarrekammio.com\/wp-content\/uploads\/2021\/09\/1-scaled.jpg","contentUrl":"https:\/\/aarrekammio.com\/wp-content\/uploads\/2021\/09\/1-scaled.jpg","width":2560,"height":1920},{"@type":"BreadcrumbList","@id":"https:\/\/aarrekammio.com\/?page_id=56#breadcrumb","itemListElement":[{"@type":"ListItem","position":1,"name":"Etusivu","item":"https:\/\/aarrekammio.com\/"},{"@type":"ListItem","position":2,"name":"PALVELUT"}]},{"@type":"WebSite","@id":"https:\/\/aarrekammio.com\/#website","url":"https:\/\/aarrekammio.com\/","name":"AARREKAMMIO OY","description":"","potentialAction":[{"@type":"SearchAction","target":{"@type":"EntryPoint","urlTemplate":"https:\/\/aarrekammio.com\/?s={search_term_string}"},"query-input":{"@type":"PropertyValueSpecification","valueRequired":true,"valueName":"search_term_string"}}],"inLanguage":"en-US"}]}},"_links":{"self":[{"href":"https:\/\/aarrekammio.com\/index.php?rest_route=\/wp\/v2\/pages\/56","targetHints":{"allow":["GET"]}}],"collection":[{"href":"https:\/\/aarrekammio.com\/index.php?rest_route=\/wp\/v2\/pages"}],"about":[{"href":"https:\/\/aarrekammio.com\/index.php?rest_route=\/wp\/v2\/types\/page"}],"author":[{"embeddable":true,"href":"https:\/\/aarrekammio.com\/index.php?rest_route=\/wp\/v2\/users\/1"}],"replies":[{"embeddable":true,"href":"https:\/\/aarrekammio.com\/index.php?rest_route=%2Fwp%2Fv2%2Fcomments&post=56"}],"version-history":[{"count":16,"href":"https:\/\/aarrekammio.com\/index.php?rest_route=\/wp\/v2\/pages\/56\/revisions"}],"predecessor-version":[{"id":189,"href":"https:\/\/aarrekammio.com\/index.php?rest_route=\/wp\/v2\/pages\/56\/revisions\/189"}],"wp:attachment":[{"href":"https:\/\/aarrekammio.com\/index.php?rest_route=%2Fwp%2Fv2%2Fmedia&parent=56"}],"curies":[{"name":"wp","href":"https:\/\/api.w.org\/{rel}","templated":true}]}}