{"id":44,"date":"2021-09-07T20:11:07","date_gmt":"2021-09-07T17:11:07","guid":{"rendered":"https:\/\/aarrekammio.com\/?page_id=44"},"modified":"2021-09-09T20:44:16","modified_gmt":"2021-09-09T17:44:16","slug":"paljun-kayttoohjeet","status":"publish","type":"page","link":"https:\/\/aarrekammio.com\/?page_id=44","title":{"rendered":"PALJUN K\u00c4YTT\u00d6OHJEET"},"content":{"rendered":"\n<p><\/p>\n\n\n\n<p><strong>Tutustu n\u00e4ihin paljun k\u00e4ytt\u00f6ohjeisiin ennen k\u00e4yt\u00f6n aloittamista.<\/strong><\/p>\n\n\n\n<ul class=\"wp-block-list\"><li>Irrota paljuk\u00e4rry vetoautosta ja valitse sille tasainen alusta.<\/li><li>Laske tukijalat (4 kpl) alas. Jos maa on kovin pehme\u00e4\u00e4 laita tassujen alle esim laudan p\u00e4tk\u00e4t tai vastaavat.<\/li><li>Kirist\u00e4 tukijalat huolellisesti. Palju laskeutuu lopullisesti tukijalkojen varaan sen t\u00e4yttyess\u00e4.<\/li><li>Nosta nokkapy\u00f6r\u00e4 yl\u00f6s, ettei paino kohdistu siihen paljun t\u00e4yttyess\u00e4.<\/li><li>Ota huomioon ett\u00e4 palju on my\u00f6s tyhjennett\u00e4v\u00e4 samaan paikkaan, sill\u00e4 t\u00e4ysin\u00e4ist\u00e4 paljua ei saa siirt\u00e4\u00e4.<\/li><\/ul>\n\n\n\n<ul class=\"wp-block-list\"><li>Aseta kamiinan savupiippu paikoilleen.<\/li><li>Tarkista, ett\u00e4 altaan hana rappusten alla on kiinni (kahva poikittain).<\/li><li>T\u00e4yt\u00e4 palju vedell\u00e4. Minimit\u00e4ytt\u00f6 on 5cm ylimpien putkien yl\u00e4reunan yli.<\/li><li>Paljua ei saa en\u00e4\u00e4 siirt\u00e4\u00e4 jos siin\u00e4 on v\u00e4h\u00e4ist\u00e4k\u00e4\u00e4n m\u00e4\u00e4r\u00e4\u00e4 vett\u00e4 sis\u00e4ll\u00e4!<\/li><li>Sytyt\u00e4 tuli kamiinaan.<\/li><\/ul>\n\n\n\n<ul class=\"wp-block-list\"><li><strong>Kamiinaan ei saa sytytt\u00e4\u00e4 tulta, ennen kun vesi on v\u00e4hint\u00e4\u00e4n 5cm ylempien l\u00e4pivientiaukkojen yl\u00e4puolella!<\/strong><\/li><li><strong>Jos kamiina sytytet\u00e4\u00e4n ennen veden minimit\u00e4ytt\u00f6\u00e4, kamiina menee rikki!<\/strong><\/li><\/ul>\n\n\n\n<ul class=\"wp-block-list\"><li>L\u00e4mmitysaika vaihtelee veden alkul\u00e4mp\u00f6tilan ja l\u00e4mmityksess\u00e4 k\u00e4ytett\u00e4v\u00e4n puun mukaan. <br>L\u00e4mmitys n. +5*C asteisesta vesijohtovedest\u00e4 +38*C asteiseksi kest\u00e4\u00e4 kes\u00e4ll\u00e4 n. 2,5-3h ja talvella n. 3,5-4h<\/li><li>L\u00e4mmitett\u00e4ess\u00e4 pid\u00e4 pressukantta paljun p\u00e4\u00e4ll\u00e4, jolloin palju l\u00e4mpenee tehokkaasti.<\/li><\/ul>\n\n\n\n<p><strong>Varmistaaksesi veden tasaisen l\u00e4mpi\u00e4misen kannattaa v\u00e4lill\u00e4 sekoittaa vett\u00e4 mukanaolevalla melalla.<\/strong><\/p>\n\n\n\n<p><em>Oikea kylpyl\u00e4mp\u00f6tila on noin&nbsp;37-40*C<\/em><\/p>\n\n\n\n<p><strong>Noudata \u00e4\u00e4rimm\u00e4ist\u00e4 varovaisuutta Paljun k\u00e4yt\u00f6ss\u00e4!<\/strong><\/p>\n\n\n\n<ul class=\"wp-block-list\"><li>Talvella rappuset voivat olla todella liukkaat.<\/li><li>Varo istumista ylimpien vedentuloaukkojen edess\u00e4 tulen ollessa kamiinassa. Kamiinasta tuleva vesi on todella kuumaa.<\/li><li>Paljuun ei saa p\u00e4\u00e4st\u00e4\u00e4 lapsia ilman aikuisen valvontaa.<\/li><li>Paljun vuokraaja vastaa k\u00e4yt\u00f6n turvallisuudesta, sek\u00e4 paljun rikkoontumisesta v\u00e4\u00e4r\u00e4nlaisen k\u00e4yt\u00f6n seurauksena.<\/li><li>Laita kylpemisen j\u00e4lkeen kansi paikoilleen.<br><\/li><\/ul>\n\n\n\n<h5 class=\"wp-block-heading\"><strong>Paljun tyhjen<\/strong>t\u00e4minen ja puhdistaminen:<\/h5>\n\n\n\n<ul class=\"wp-block-list\"><li>Huolehdi, ett\u00e4 tuli on t\u00e4ysin sammunut kamiinasta ja aloita tyhjennys vasta sen j\u00e4lkeen.<\/li><li>Jos kamiinassa on tuli tai hiillos ja allas tyhjennet\u00e4\u00e4n, kamiina menee rikki !!!<\/li><li>Tyhjennysventtiili sijaitsee portaiden alla. Liit\u00e4 halutessasi tyhjennysletku venttiiliin ja avaa hana.<\/li><li><strong>Pakkasella allas ja kamiina t\u00e4ytyy tyhjent\u00e4\u00e4 12h sis\u00e4ll\u00e4 kylpemisen lopettamisesta, mutta kuitenkin vasta sitten kun tuli on sammunut kamiinasta. J\u00e4\u00e4tyminen hajottaa paljun ja kamiinan<\/strong>!<\/li><li>Tyhjenn\u00e4 tuhka-astia.<\/li><li>Pese palju.<br>Paljun tyhjentymist\u00e4 odotellessa on helppo hangata palju kauttaaltaan l\u00e4pi mukanaolevalla harjalla. Lika l\u00e4htee viel\u00e4 l\u00e4mpim\u00e4n\u00e4 olevan veden avulla helposti tuoreeltaan pois.  <br>Jos palju palautetaan pesem\u00e4tt\u00e4 veloitetaan siit\u00e4 50\u20ac pesumaksu.<\/li><li>Huuhtele palju runsaalla vedell\u00e4. J\u00e4t\u00e4 tyhjennysventtiili auki.<\/li><li>Irroita piippu kamiinasta, sido se remmeill\u00e4 kiinni k\u00e4rryyn ja laita pressukansi tukirakenteineen paikalleen.<\/li><li>Laske nokkapy\u00f6r\u00e4 ja nosta tukijalat.<br>Varmista ett\u00e4 kamiinan luukku on kunnolla kiinni.<\/li><li>Kiinnit\u00e4 per\u00e4vaunu autoon.<\/li><li>Paljun sis\u00e4ll\u00e4 ei saa kuljettaa mit\u00e4\u00e4n.<\/li><\/ul>\n\n\n\n<p><\/p>\n\n\n\n<h1 class=\"wp-block-heading\">MUKAVIA KYLPYHETKI\u00c4!!<\/h1>\n\n\n\n<p><\/p>\n","protected":false},"excerpt":{"rendered":"<p>Tutustu n\u00e4ihin paljun k\u00e4ytt\u00f6ohjeisiin ennen k\u00e4yt\u00f6n aloittamista. Irrota paljuk\u00e4rry vetoautosta ja valitse sille tasainen alusta. Laske tukijalat (4 kpl) alas. Jos maa on kovin pehme\u00e4\u00e4 laita tassujen alle esim laudan p\u00e4tk\u00e4t tai vastaavat. Kirist\u00e4 tukijalat huolellisesti. Palju laskeutuu lopullisesti tukijalkojen<span class=\"more-button\"><a href=\"https:\/\/aarrekammio.com\/?page_id=44\" class=\"more-link\">Continue reading<span class=\"screen-reader-text\">PALJUN K\u00c4YTT\u00d6OHJEET<\/span><\/a><\/a><\/p>\n","protected":false},"author":1,"featured_media":0,"parent":0,"menu_order":6,"comment_status":"closed","ping_status":"closed","template":"","meta":{"footnotes":""},"class_list":["post-44","page","type-page","status-publish","hentry"],"yoast_head":"<!-- This site is optimized with the Yoast SEO plugin v25.8 - https:\/\/yoast.com\/wordpress\/plugins\/seo\/ -->\n<title>PALJUN K\u00c4YTT\u00d6OHJEET - AARREKAMMIO OY<\/title>\n<meta name=\"robots\" content=\"index, follow, max-snippet:-1, max-image-preview:large, max-video-preview:-1\" \/>\n<link rel=\"canonical\" href=\"https:\/\/aarrekammio.com\/?page_id=44\" \/>\n<meta property=\"og:locale\" content=\"en_US\" \/>\n<meta property=\"og:type\" content=\"article\" \/>\n<meta property=\"og:title\" content=\"PALJUN K\u00c4YTT\u00d6OHJEET - AARREKAMMIO OY\" \/>\n<meta property=\"og:description\" content=\"Tutustu n\u00e4ihin paljun k\u00e4ytt\u00f6ohjeisiin ennen k\u00e4yt\u00f6n aloittamista. Irrota paljuk\u00e4rry vetoautosta ja valitse sille tasainen alusta. Laske tukijalat (4 kpl) alas. Jos maa on kovin pehme\u00e4\u00e4 laita tassujen alle esim laudan p\u00e4tk\u00e4t tai vastaavat. Kirist\u00e4 tukijalat huolellisesti. Palju laskeutuu lopullisesti tukijalkojenContinue readingPALJUN K\u00c4YTT\u00d6OHJEET\" \/>\n<meta property=\"og:url\" content=\"https:\/\/aarrekammio.com\/?page_id=44\" \/>\n<meta property=\"og:site_name\" content=\"AARREKAMMIO OY\" \/>\n<meta property=\"article:modified_time\" content=\"2021-09-09T17:44:16+00:00\" \/>\n<meta name=\"twitter:card\" content=\"summary_large_image\" \/>\n<meta name=\"twitter:label1\" content=\"Est. reading time\" \/>\n\t<meta name=\"twitter:data1\" content=\"2 minutes\" \/>\n<script type=\"application\/ld+json\" class=\"yoast-schema-graph\">{\"@context\":\"https:\/\/schema.org\",\"@graph\":[{\"@type\":\"WebPage\",\"@id\":\"https:\/\/aarrekammio.com\/?page_id=44\",\"url\":\"https:\/\/aarrekammio.com\/?page_id=44\",\"name\":\"PALJUN K\u00c4YTT\u00d6OHJEET - AARREKAMMIO OY\",\"isPartOf\":{\"@id\":\"https:\/\/aarrekammio.com\/#website\"},\"datePublished\":\"2021-09-07T17:11:07+00:00\",\"dateModified\":\"2021-09-09T17:44:16+00:00\",\"breadcrumb\":{\"@id\":\"https:\/\/aarrekammio.com\/?page_id=44#breadcrumb\"},\"inLanguage\":\"en-US\",\"potentialAction\":[{\"@type\":\"ReadAction\",\"target\":[\"https:\/\/aarrekammio.com\/?page_id=44\"]}]},{\"@type\":\"BreadcrumbList\",\"@id\":\"https:\/\/aarrekammio.com\/?page_id=44#breadcrumb\",\"itemListElement\":[{\"@type\":\"ListItem\",\"position\":1,\"name\":\"Etusivu\",\"item\":\"https:\/\/aarrekammio.com\/\"},{\"@type\":\"ListItem\",\"position\":2,\"name\":\"PALJUN K\u00c4YTT\u00d6OHJEET\"}]},{\"@type\":\"WebSite\",\"@id\":\"https:\/\/aarrekammio.com\/#website\",\"url\":\"https:\/\/aarrekammio.com\/\",\"name\":\"AARREKAMMIO OY\",\"description\":\"\",\"potentialAction\":[{\"@type\":\"SearchAction\",\"target\":{\"@type\":\"EntryPoint\",\"urlTemplate\":\"https:\/\/aarrekammio.com\/?s={search_term_string}\"},\"query-input\":{\"@type\":\"PropertyValueSpecification\",\"valueRequired\":true,\"valueName\":\"search_term_string\"}}],\"inLanguage\":\"en-US\"}]}<\/script>\n<!-- \/ Yoast SEO plugin. -->","yoast_head_json":{"title":"PALJUN K\u00c4YTT\u00d6OHJEET - AARREKAMMIO OY","robots":{"index":"index","follow":"follow","max-snippet":"max-snippet:-1","max-image-preview":"max-image-preview:large","max-video-preview":"max-video-preview:-1"},"canonical":"https:\/\/aarrekammio.com\/?page_id=44","og_locale":"en_US","og_type":"article","og_title":"PALJUN K\u00c4YTT\u00d6OHJEET - AARREKAMMIO OY","og_description":"Tutustu n\u00e4ihin paljun k\u00e4ytt\u00f6ohjeisiin ennen k\u00e4yt\u00f6n aloittamista. Irrota paljuk\u00e4rry vetoautosta ja valitse sille tasainen alusta. Laske tukijalat (4 kpl) alas. Jos maa on kovin pehme\u00e4\u00e4 laita tassujen alle esim laudan p\u00e4tk\u00e4t tai vastaavat. Kirist\u00e4 tukijalat huolellisesti. Palju laskeutuu lopullisesti tukijalkojenContinue readingPALJUN K\u00c4YTT\u00d6OHJEET","og_url":"https:\/\/aarrekammio.com\/?page_id=44","og_site_name":"AARREKAMMIO OY","article_modified_time":"2021-09-09T17:44:16+00:00","twitter_card":"summary_large_image","twitter_misc":{"Est. reading time":"2 minutes"},"schema":{"@context":"https:\/\/schema.org","@graph":[{"@type":"WebPage","@id":"https:\/\/aarrekammio.com\/?page_id=44","url":"https:\/\/aarrekammio.com\/?page_id=44","name":"PALJUN K\u00c4YTT\u00d6OHJEET - AARREKAMMIO OY","isPartOf":{"@id":"https:\/\/aarrekammio.com\/#website"},"datePublished":"2021-09-07T17:11:07+00:00","dateModified":"2021-09-09T17:44:16+00:00","breadcrumb":{"@id":"https:\/\/aarrekammio.com\/?page_id=44#breadcrumb"},"inLanguage":"en-US","potentialAction":[{"@type":"ReadAction","target":["https:\/\/aarrekammio.com\/?page_id=44"]}]},{"@type":"BreadcrumbList","@id":"https:\/\/aarrekammio.com\/?page_id=44#breadcrumb","itemListElement":[{"@type":"ListItem","position":1,"name":"Etusivu","item":"https:\/\/aarrekammio.com\/"},{"@type":"ListItem","position":2,"name":"PALJUN K\u00c4YTT\u00d6OHJEET"}]},{"@type":"WebSite","@id":"https:\/\/aarrekammio.com\/#website","url":"https:\/\/aarrekammio.com\/","name":"AARREKAMMIO OY","description":"","potentialAction":[{"@type":"SearchAction","target":{"@type":"EntryPoint","urlTemplate":"https:\/\/aarrekammio.com\/?s={search_term_string}"},"query-input":{"@type":"PropertyValueSpecification","valueRequired":true,"valueName":"search_term_string"}}],"inLanguage":"en-US"}]}},"_links":{"self":[{"href":"https:\/\/aarrekammio.com\/index.php?rest_route=\/wp\/v2\/pages\/44","targetHints":{"allow":["GET"]}}],"collection":[{"href":"https:\/\/aarrekammio.com\/index.php?rest_route=\/wp\/v2\/pages"}],"about":[{"href":"https:\/\/aarrekammio.com\/index.php?rest_route=\/wp\/v2\/types\/page"}],"author":[{"embeddable":true,"href":"https:\/\/aarrekammio.com\/index.php?rest_route=\/wp\/v2\/users\/1"}],"replies":[{"embeddable":true,"href":"https:\/\/aarrekammio.com\/index.php?rest_route=%2Fwp%2Fv2%2Fcomments&post=44"}],"version-history":[{"count":10,"href":"https:\/\/aarrekammio.com\/index.php?rest_route=\/wp\/v2\/pages\/44\/revisions"}],"predecessor-version":[{"id":140,"href":"https:\/\/aarrekammio.com\/index.php?rest_route=\/wp\/v2\/pages\/44\/revisions\/140"}],"wp:attachment":[{"href":"https:\/\/aarrekammio.com\/index.php?rest_route=%2Fwp%2Fv2%2Fmedia&parent=44"}],"curies":[{"name":"wp","href":"https:\/\/api.w.org\/{rel}","templated":true}]}}