{"id":2,"date":"2021-09-07T08:46:35","date_gmt":"2021-09-07T05:46:35","guid":{"rendered":"http:\/\/aarrekammio.com\/?page_id=2"},"modified":"2021-09-22T21:19:54","modified_gmt":"2021-09-22T18:19:54","slug":"yhteystiedot","status":"publish","type":"page","link":"https:\/\/aarrekammio.com\/","title":{"rendered":"YHTEYSTIEDOT"},"content":{"rendered":"\n<p class=\"has-text-align-center\">Mikko Laukkanen<br>040-5421871<br>.<\/p>\n\n\n\n<p class=\"has-text-align-center\">aarrekammiooy@gmail.com<br>.<br>.<br>.<br>Vuokraamme isoa 10 hengen per\u00e4k\u00e4rrypaljua Vill\u00e4hteell\u00e4 Lahdessa.<br>Katso kohta <a href=\"https:\/\/aarrekammio.com\/?page_id=10\">PALJUN VUOKRAHINNASTO<\/a><br>.<br>.<br>.<\/p>\n\n\n\n<figure class=\"wp-block-image size-large is-style-rounded\"><img loading=\"lazy\" decoding=\"async\" width=\"935\" height=\"1024\" src=\"https:\/\/aarrekammio.com\/wp-content\/uploads\/2021\/09\/5-1-935x1024.jpg\" alt=\"\" class=\"wp-image-196\" srcset=\"https:\/\/aarrekammio.com\/wp-content\/uploads\/2021\/09\/5-1-935x1024.jpg 935w, https:\/\/aarrekammio.com\/wp-content\/uploads\/2021\/09\/5-1-274x300.jpg 274w, https:\/\/aarrekammio.com\/wp-content\/uploads\/2021\/09\/5-1-768x841.jpg 768w, https:\/\/aarrekammio.com\/wp-content\/uploads\/2021\/09\/5-1-1403x1536.jpg 1403w, https:\/\/aarrekammio.com\/wp-content\/uploads\/2021\/09\/5-1-1871x2048.jpg 1871w\" sizes=\"auto, (max-width: 935px) 100vw, 935px\" \/><\/figure>\n\n\n\n<p class=\"has-text-align-center\">.<br>.<\/p>\n\n\n\n<p class=\"has-text-align-center\"><a href=\"https:\/\/www.finder.fi\/Koulutukset+ja+koulutuspalvelut\/Aarrekammio+Oy\/Vill%C3%A4hde\/yhteystiedot\/2447449\">Yrityksen tiedot<\/a><br><br><meta charset=\"utf-8\">Y-tunnus&nbsp;2365197-3<\/p>\n","protected":false},"excerpt":{"rendered":"<p>Mikko Laukkanen040-5421871. aarrekammiooy@gmail.com&#8230;Vuokraamme isoa 10 hengen per\u00e4k\u00e4rrypaljua Vill\u00e4hteell\u00e4 Lahdessa.Katso kohta PALJUN VUOKRAHINNASTO&#8230; .. Yrityksen tiedot Y-tunnus&nbsp;2365197-3<\/p>\n","protected":false},"author":1,"featured_media":0,"parent":0,"menu_order":2,"comment_status":"closed","ping_status":"closed","template":"","meta":{"footnotes":""},"class_list":["post-2","page","type-page","status-publish","hentry"],"yoast_head":"<!-- This site is optimized with the Yoast SEO plugin v25.8 - https:\/\/yoast.com\/wordpress\/plugins\/seo\/ -->\n<title>YHTEYSTIEDOT - AARREKAMMIO OY<\/title>\n<meta name=\"description\" content=\"Vuokrataan isoa 8-10 hl\u00f6n per\u00e4k\u00e4rrypaljua Lahdessa alkaen 50\u20ac\/vrk, 150\u20ac\/vkl.\" \/>\n<meta name=\"robots\" content=\"index, follow, max-snippet:-1, max-image-preview:large, max-video-preview:-1\" \/>\n<link rel=\"canonical\" href=\"https:\/\/aarrekammio.com\/\" \/>\n<meta property=\"og:locale\" content=\"en_US\" \/>\n<meta property=\"og:type\" content=\"article\" \/>\n<meta property=\"og:title\" content=\"YHTEYSTIEDOT - AARREKAMMIO OY\" \/>\n<meta property=\"og:description\" content=\"Vuokrataan isoa 8-10 hl\u00f6n per\u00e4k\u00e4rrypaljua Lahdessa alkaen 50\u20ac\/vrk, 150\u20ac\/vkl.\" \/>\n<meta property=\"og:url\" content=\"https:\/\/aarrekammio.com\/\" \/>\n<meta property=\"og:site_name\" content=\"AARREKAMMIO OY\" \/>\n<meta property=\"article:modified_time\" content=\"2021-09-22T18:19:54+00:00\" \/>\n<meta property=\"og:image\" content=\"https:\/\/aarrekammio.com\/wp-content\/uploads\/2021\/09\/5-1-935x1024.jpg\" \/>\n<meta name=\"twitter:card\" content=\"summary_large_image\" \/>\n<meta name=\"twitter:label1\" content=\"Est. reading time\" \/>\n\t<meta name=\"twitter:data1\" content=\"1 minute\" \/>\n<script type=\"application\/ld+json\" class=\"yoast-schema-graph\">{\"@context\":\"https:\/\/schema.org\",\"@graph\":[{\"@type\":\"WebPage\",\"@id\":\"https:\/\/aarrekammio.com\/\",\"url\":\"https:\/\/aarrekammio.com\/\",\"name\":\"YHTEYSTIEDOT - AARREKAMMIO OY\",\"isPartOf\":{\"@id\":\"https:\/\/aarrekammio.com\/#website\"},\"primaryImageOfPage\":{\"@id\":\"https:\/\/aarrekammio.com\/#primaryimage\"},\"image\":{\"@id\":\"https:\/\/aarrekammio.com\/#primaryimage\"},\"thumbnailUrl\":\"https:\/\/aarrekammio.com\/wp-content\/uploads\/2021\/09\/5-1-935x1024.jpg\",\"datePublished\":\"2021-09-07T05:46:35+00:00\",\"dateModified\":\"2021-09-22T18:19:54+00:00\",\"description\":\"Vuokrataan isoa 8-10 hl\u00f6n per\u00e4k\u00e4rrypaljua Lahdessa alkaen 50\u20ac\/vrk, 150\u20ac\/vkl.\",\"breadcrumb\":{\"@id\":\"https:\/\/aarrekammio.com\/#breadcrumb\"},\"inLanguage\":\"en-US\",\"potentialAction\":[{\"@type\":\"ReadAction\",\"target\":[\"https:\/\/aarrekammio.com\/\"]}]},{\"@type\":\"ImageObject\",\"inLanguage\":\"en-US\",\"@id\":\"https:\/\/aarrekammio.com\/#primaryimage\",\"url\":\"https:\/\/aarrekammio.com\/wp-content\/uploads\/2021\/09\/5-1-scaled.jpg\",\"contentUrl\":\"https:\/\/aarrekammio.com\/wp-content\/uploads\/2021\/09\/5-1-scaled.jpg\",\"width\":2338,\"height\":2560},{\"@type\":\"BreadcrumbList\",\"@id\":\"https:\/\/aarrekammio.com\/#breadcrumb\",\"itemListElement\":[{\"@type\":\"ListItem\",\"position\":1,\"name\":\"Etusivu\",\"item\":\"https:\/\/aarrekammio.com\/\"},{\"@type\":\"ListItem\",\"position\":2,\"name\":\"YHTEYSTIEDOT\"}]},{\"@type\":\"WebSite\",\"@id\":\"https:\/\/aarrekammio.com\/#website\",\"url\":\"https:\/\/aarrekammio.com\/\",\"name\":\"AARREKAMMIO OY\",\"description\":\"\",\"potentialAction\":[{\"@type\":\"SearchAction\",\"target\":{\"@type\":\"EntryPoint\",\"urlTemplate\":\"https:\/\/aarrekammio.com\/?s={search_term_string}\"},\"query-input\":{\"@type\":\"PropertyValueSpecification\",\"valueRequired\":true,\"valueName\":\"search_term_string\"}}],\"inLanguage\":\"en-US\"}]}<\/script>\n<!-- \/ Yoast SEO plugin. -->","yoast_head_json":{"title":"YHTEYSTIEDOT - AARREKAMMIO OY","description":"Vuokrataan isoa 8-10 hl\u00f6n per\u00e4k\u00e4rrypaljua Lahdessa alkaen 50\u20ac\/vrk, 150\u20ac\/vkl.","robots":{"index":"index","follow":"follow","max-snippet":"max-snippet:-1","max-image-preview":"max-image-preview:large","max-video-preview":"max-video-preview:-1"},"canonical":"https:\/\/aarrekammio.com\/","og_locale":"en_US","og_type":"article","og_title":"YHTEYSTIEDOT - AARREKAMMIO OY","og_description":"Vuokrataan isoa 8-10 hl\u00f6n per\u00e4k\u00e4rrypaljua Lahdessa alkaen 50\u20ac\/vrk, 150\u20ac\/vkl.","og_url":"https:\/\/aarrekammio.com\/","og_site_name":"AARREKAMMIO OY","article_modified_time":"2021-09-22T18:19:54+00:00","og_image":[{"url":"https:\/\/aarrekammio.com\/wp-content\/uploads\/2021\/09\/5-1-935x1024.jpg","type":"","width":"","height":""}],"twitter_card":"summary_large_image","twitter_misc":{"Est. reading time":"1 minute"},"schema":{"@context":"https:\/\/schema.org","@graph":[{"@type":"WebPage","@id":"https:\/\/aarrekammio.com\/","url":"https:\/\/aarrekammio.com\/","name":"YHTEYSTIEDOT - AARREKAMMIO OY","isPartOf":{"@id":"https:\/\/aarrekammio.com\/#website"},"primaryImageOfPage":{"@id":"https:\/\/aarrekammio.com\/#primaryimage"},"image":{"@id":"https:\/\/aarrekammio.com\/#primaryimage"},"thumbnailUrl":"https:\/\/aarrekammio.com\/wp-content\/uploads\/2021\/09\/5-1-935x1024.jpg","datePublished":"2021-09-07T05:46:35+00:00","dateModified":"2021-09-22T18:19:54+00:00","description":"Vuokrataan isoa 8-10 hl\u00f6n per\u00e4k\u00e4rrypaljua Lahdessa alkaen 50\u20ac\/vrk, 150\u20ac\/vkl.","breadcrumb":{"@id":"https:\/\/aarrekammio.com\/#breadcrumb"},"inLanguage":"en-US","potentialAction":[{"@type":"ReadAction","target":["https:\/\/aarrekammio.com\/"]}]},{"@type":"ImageObject","inLanguage":"en-US","@id":"https:\/\/aarrekammio.com\/#primaryimage","url":"https:\/\/aarrekammio.com\/wp-content\/uploads\/2021\/09\/5-1-scaled.jpg","contentUrl":"https:\/\/aarrekammio.com\/wp-content\/uploads\/2021\/09\/5-1-scaled.jpg","width":2338,"height":2560},{"@type":"BreadcrumbList","@id":"https:\/\/aarrekammio.com\/#breadcrumb","itemListElement":[{"@type":"ListItem","position":1,"name":"Etusivu","item":"https:\/\/aarrekammio.com\/"},{"@type":"ListItem","position":2,"name":"YHTEYSTIEDOT"}]},{"@type":"WebSite","@id":"https:\/\/aarrekammio.com\/#website","url":"https:\/\/aarrekammio.com\/","name":"AARREKAMMIO OY","description":"","potentialAction":[{"@type":"SearchAction","target":{"@type":"EntryPoint","urlTemplate":"https:\/\/aarrekammio.com\/?s={search_term_string}"},"query-input":{"@type":"PropertyValueSpecification","valueRequired":true,"valueName":"search_term_string"}}],"inLanguage":"en-US"}]}},"_links":{"self":[{"href":"https:\/\/aarrekammio.com\/index.php?rest_route=\/wp\/v2\/pages\/2","targetHints":{"allow":["GET"]}}],"collection":[{"href":"https:\/\/aarrekammio.com\/index.php?rest_route=\/wp\/v2\/pages"}],"about":[{"href":"https:\/\/aarrekammio.com\/index.php?rest_route=\/wp\/v2\/types\/page"}],"author":[{"embeddable":true,"href":"https:\/\/aarrekammio.com\/index.php?rest_route=\/wp\/v2\/users\/1"}],"replies":[{"embeddable":true,"href":"https:\/\/aarrekammio.com\/index.php?rest_route=%2Fwp%2Fv2%2Fcomments&post=2"}],"version-history":[{"count":11,"href":"https:\/\/aarrekammio.com\/index.php?rest_route=\/wp\/v2\/pages\/2\/revisions"}],"predecessor-version":[{"id":197,"href":"https:\/\/aarrekammio.com\/index.php?rest_route=\/wp\/v2\/pages\/2\/revisions\/197"}],"wp:attachment":[{"href":"https:\/\/aarrekammio.com\/index.php?rest_route=%2Fwp%2Fv2%2Fmedia&parent=2"}],"curies":[{"name":"wp","href":"https:\/\/api.w.org\/{rel}","templated":true}]}}