{"id":17,"date":"2021-09-07T18:14:14","date_gmt":"2021-09-07T15:14:14","guid":{"rendered":"https:\/\/aarrekammio.com\/?page_id=17"},"modified":"2021-09-22T21:01:15","modified_gmt":"2021-09-22T18:01:15","slug":"vuokrausehdot","status":"publish","type":"page","link":"https:\/\/aarrekammio.com\/?page_id=17","title":{"rendered":"PALJUN VUOKRAEHDOT"},"content":{"rendered":"\n<p class=\"has-text-align-center\"><br><strong>HINATTAVAN KYLPYTYNNYRIN <meta charset=\"utf-8\"><strong>VUOKRASOPIMUSEHDOT<\/strong><\/strong><br><strong>(kevyt per\u00e4vaunu DKU-524 + palju irtaimistoineen)<\/strong><\/p>\n\n\n\n<p>Vuokralleottajan (vuokralainen) on noudatettava n\u00e4it\u00e4 <meta charset=\"utf-8\">hinattavan kylpytynnyrin (my\u00f6hemmin &#8220;laite&#8221;) vuokrausehtoja sek\u00e4 paljun k\u00e4ytt\u00f6ohjeita. Muu kuin ohjeiden mukainen k\u00e4ytt\u00f6 on kielletty. Vuokralleottaja on vastuussa k\u00e4yt\u00f6n aikaisesta turvallisuudesta ja ohjeiden noudattamisesta.<br><\/p>\n\n\n\n<p><strong>Vuokra-aika<\/strong><\/p>\n\n\n\n<p>Vuokra-aika alkaa vuokrauksen kohteena olevan hinattavan kylpytynnyrin luovutushetkell\u00e4 ja kest\u00e4\u00e4 siihen saakka, kunnes vuokralleottaja on palauttanut sen vuokranantajalle.<br><\/p>\n\n\n\n<p><strong>Vuokrausmaksun suorittaminen<\/strong><\/p>\n\n\n\n<p>Vuokraus maksetaan kokonaisuudessaan etuk\u00e4teen laskulla. Varaus on sitova vasta maksun suorituksen j\u00e4lkeen.<br><\/p>\n\n\n\n<p><strong>Palautus vuokranantajalle sopimuksen mukaisen vuokra-ajan p\u00e4\u00e4ttyess\u00e4<\/strong><\/p>\n\n\n\n<p>Hinattavan kylpytynnyri on palautettava sovittuun paikkaan viimeist\u00e4\u00e4n vuokrasopimuksessa sovitun vuokra-ajan p\u00e4\u00e4ttyess\u00e4. Palautusajan tai -paikan muuttumisesta on riitt\u00e4v\u00e4n ajoissa sovittava vuokranantajan kanssa. Sopimuksen mukainen vuokra-aika p\u00e4\u00e4ttyy, kun laite on palautettu vuokranantajan toimipisteeseen tai kun vuokranantaja on saanut vuokralaisen ilmoituksen laitteen palautuksesta vuokranantajan hyv\u00e4ksym\u00e4\u00e4n paikkaan.<\/p>\n\n\n\n<p>Vuokranantajalla ei ole velvollisuutta maksaa hyvityst\u00e4, jos vuokralainen palauttaa laitteen ennen sovitun vuokra-ajan p\u00e4\u00e4ttymist\u00e4.<\/p>\n\n\n\n<p>Jos <meta charset=\"utf-8\">hinattavaa kylpytynnyri\u00e4 ei ole palautettu vuokra-ajan p\u00e4\u00e4ttyess\u00e4 eik\u00e4 vuokra-ajan pident\u00e4misest\u00e4 ole sovittu vuokranantajan kanssa, ilmoitetaan asia poliisille varkaustapauksena.<\/p>\n\n\n\n<p>Jos vuokralainen laiminly\u00f6 t\u00e4ss\u00e4 kappaleessa mainitut velvoitteet, on vuokranantajalla oikeus peri\u00e4 kohtuullinen korvaus laiminly\u00f6nnin vuokranantajalle aiheuttamista taloudellisista menetyksist\u00e4.<br><\/p>\n\n\n\n<p><strong>Vakuutukset<\/strong><\/p>\n\n\n\n<p><meta charset=\"utf-8\">Kevytper\u00e4vaunussa on liikennevakuutus. Vuokralleottaja vastaa kokonaisuudessaan kaikista mahdollisista vahingoista, jotka kohdistuvat per\u00e4vaunuun tai paljuun irtaimistoineen vuokra-aikana (mm. ohjeiden vastainen k\u00e4ytt\u00f6, tulipalo, kolari tai tielt\u00e4 suistuminen, ilkivalta, varkaus)<br>Hinattavan kylpytynnyrin uudelleenhankinta-arvo on 4500\u20ac t\u00e4ydellisess\u00e4 tuhoutumisessa tai varkaustapauksessa.<br>K\u00e4rry on oltava aina lukittuna.<br><\/p>\n\n\n\n<p><strong>Vuokralaisen velvollisuudet ja vastuut<\/strong><\/p>\n\n\n\n<p>Hinattavaa kylpytynnyri\u00e4 ei saa vied\u00e4 Suomen rajojen ulkopuolelle ilman vuokranantajan kirjallista lupaa.<\/p>\n\n\n\n<p>Vuokralaisella ei ole oikeutta vuokrata laitetta edelleen kolmannelle osapuolelle.<\/p>\n\n\n\n<p>Vuokralainen on velvollinen hoitamaan laitetta varusteineen huolellisesti niin, ett\u00e4 ne ovat palautettaessa samassa kunnossa kuin luovutushetkell\u00e4 normaalia v\u00e4h\u00e4ist\u00e4 kulumista lukuun ottamatta.<\/p>\n\n\n\n<p>Vuokralaisen on tarkistettava <meta charset=\"utf-8\">hinattava kylpytynnyri luovutushetkell\u00e4 ja kirjattava yhdess\u00e4 vuokranantajan kanssa yl\u00f6s mahdolliset puutteet tai viat. Mik\u00e4li puutteita tai vikoja ei ole kirjattu, on vuokralainen vastuussa n\u00e4ist\u00e4 vioista sik\u00e4li, kuin ne ovat olleet vuokralaisen havaittavissa tarkastushetkell\u00e4.<\/p>\n\n\n\n<p>Kylpytynnyri on oltava peruspuhdistettu k\u00e4yt\u00f6n j\u00e4lkeen. Puhdistukseen kuuluu tyhjennys, sis\u00e4pintojen pesu mukana tulevalla harjalla + huuhtelu, kaminan tyhjennys sek\u00e4 tynnyrin ulkoinen siistiminen. Jos asiakas rikkoo t\u00e4t\u00e4 sopimusehtoa, h\u00e4nelt\u00e4 tullaan laskuttamaan kylpytynnyrin puhdistuksesta 50\u20ac.<\/p>\n\n\n\n<p>Mik\u00e4li laitteeseen tulee tekninen tai muu vika, on t\u00e4st\u00e4 ilmoitettava viipym\u00e4tt\u00e4 vuokranantajalle. Vuokralainen voi my\u00f6s palauttaa laitteen vikatapauksessa v\u00e4litt\u00f6m\u00e4sti vuokranantajalle, jolloin vuokrasopimus p\u00e4\u00e4ttyy luovutushetkell\u00e4. Vuokranantaja ei ole vastuussa vian aiheuttamista v\u00e4lillisist\u00e4 haitoista. Jos paljun k\u00e4ytt\u00f6 estyy vikatilanteessa on vuokralainen oikeutettu enint\u00e4\u00e4n vuokran palauttamiseen k\u00e4ytt\u00e4m\u00e4tt\u00e4 j\u00e4\u00e4neilt\u00e4 p\u00e4ivilt\u00e4. <\/p>\n\n\n\n<p>Vuokralainen on 4500 euron uudelleenhankinta-arvoon saakka velvollinen:<\/p>\n\n\n\n<ul class=\"wp-block-list\"><li>Korvaamaan laitteelle tai sen varusteille vuokra-aikana sattuneet vahingot<\/li><li>Korvaamaan laitteesta vuokra-aikana kadonneet osat ja lis\u00e4varusteet<\/li><li>Suorittamaan itse aiheuttamiensa vahinkojen aiheuttamalta seisonta-ajalta kohtuullisen vuorokausimaksun, kuitenkin enint\u00e4\u00e4n 30 vuorokaudelta. Seisonta-aika alkaa kulua vahinkop\u00e4iv\u00e4st\u00e4.<\/li><\/ul>\n\n\n\n<p>Vuokralainen on vastuussa seuraavista tai niihin rinnastettavista syist\u00e4 aiheutuneita vahingoista kokonaisuudessaan:<\/p>\n\n\n\n<ul class=\"wp-block-list\"><li>Ylikuormaus, mm per\u00e4vaunun liikuttaminen siten, ett\u00e4 paljussa on vett\u00e4.<\/li><li>Ajaminen vajailla tai tyhjill\u00e4 renkailla.<\/li><li>Lumivahingot<\/li><li>Kolari tai tielt\u00e4 suistuminen<\/li><li>Tupakanpolton, likaisten esineiden tai viiltojen aiheuttamat vahingot<\/li><li>Paljun sis\u00e4pinnan vauriot<\/li><li>Ajaminen per\u00e4vaunun ulkomitat huomioiden liian ahtaissa paikoissa<\/li><li>Ajaminen teiden ulkopuolella tai alueilla, joita ei ole tarkoitettu autolla ajamiseen<\/li><li>Ajaminen j\u00e4\u00e4n p\u00e4\u00e4ll\u00e4 tai veden peitt\u00e4m\u00e4ll\u00e4 tiell\u00e4 tai muulla alueella<\/li><li>Kaikista vahingonteoista.<\/li><li>Varkaudesta vuokra-aikana<\/li><li>Pakkasen kylpytynnyrin vesij\u00e4rjestelm\u00e4lle aiheuttamista vahingoista.<\/li><li>Jos vuokralainen muutoin oleellisesti rikkoo sopimusehtoja tai k\u00e4ytt\u00f6ohjeita.<\/li><\/ul>\n\n\n\n<p>Vuokralainen vapautuu korvausvelvollisuudesta silt\u00e4 osin kuin vuokranantaja saa korvauksena vahingoista vakuutuksen perusteella tai vahingon aiheuttajalta.<\/p>\n\n\n\n<p>Vuokralainen on velvollinen maksamaan kaikkine kustannuksineen vuokra-aikana per\u00e4vaunun k\u00e4ytt\u00e4misest\u00e4 aiheutuvat leiriytymis-, pys\u00e4k\u00f6inti- ja pys\u00e4k\u00f6intivirhemaksut, ylikuorma-, sakko-, rike- ja muut maksut.<\/p>\n\n\n\n<p>Rengasvaurion sattuessa vuokralainen on velvollinen korjauttamaan renkaan vuokranantajan lukuun kuitenkin neuvottelemalla mahdollisuuksien mukaan t\u00e4st\u00e4 ensin vuokranantajan kanssa.<br><\/p>\n\n\n\n<p><strong>Vuokralaisen toimenpiteet virhe-, vahinko- ja varkaustapauksissa<\/strong><\/p>\n\n\n\n<p>Vuokralaisen on v\u00e4litt\u00f6m\u00e4sti ilmoitettava vuokranantajalle laitteessa ilmenneest\u00e4 virheest\u00e4 tai siihen kohdistuneesta vahingosta tai varkaudesta. Varkaudesta on teht\u00e4v\u00e4 viipym\u00e4tt\u00e4 ilmoitus poliisille. Vuokranantaja ilmoittaa t\u00e4m\u00e4n j\u00e4lkeen vuokralaiselle, mihin toimenpiteisiin tapahtuneen johdosta on ryhdytt\u00e4v\u00e4. Vuokralainen saa kuitenkin vuokranantajalle ilmoittamatta korjauttaa laitetta vuokranantajan lukuun enint\u00e4\u00e4n&nbsp;<strong>50\u20ac<\/strong>&nbsp;arvosta, jos se matkan jatkumisen kannalta on v\u00e4ltt\u00e4m\u00e4t\u00f6nt\u00e4. T\u00e4ll\u00f6in vuokralaisen on hankittava laitteen korjanneelta liikkeelt\u00e4 todistus tehdyst\u00e4 korjauksesta sek\u00e4 yksil\u00f6ity tosite suoritetusta maksusta.<\/p>\n\n\n\n<p>Liikennevahingon sattuessa vuokralainen on aina velvollinen tekem\u00e4\u00e4n viipym\u00e4tt\u00e4 vahinkoilmoituksen vakuutusyhti\u00f6\u00f6n sek\u00e4 toimittamaan kopion ilmoituksesta vuokranantajalle. Syyllisyyden ollessa v\u00e4h\u00e4nk\u00e4\u00e4n ep\u00e4selv\u00e4, on vuokralaisen ilmoitettava asiasta poliisille. Ilmoitus poliisille tehd\u00e4\u00e4n aina, kun kyseess\u00e4 on henkil\u00f6vahinko. My\u00f6s hirviel\u00e4invahingoissa vuokralaisen on aina teht\u00e4v\u00e4 ilmoitus poliisille sek\u00e4 toimitettava vuokranantajalle poliisin antama todistus tehdyst\u00e4 ilmoituksesta.<\/p>\n\n\n\n<p>Jos vuokralainen laiminly\u00f6 edell\u00e4 mainittujen ilmoitusten tekemisen, h\u00e4n vastaa vuokranantajalle siit\u00e4 syntyneest\u00e4 vahingosta. Ilmoittaminen ei kuitenkaan poista vuokralaisen korvausvelvollisuutta vuokranantajalle koskien vuokrattua per\u00e4vaunua ja paljua irtaimistoineen.<\/p>\n\n\n\n<p><strong>Vuokranantajan velvollisuudet<\/strong><\/p>\n\n\n\n<p>Vuokranantaja vastaa, ett\u00e4 vuokrattu laite on teknisesti luovutushetkell\u00e4 siin\u00e4 kunnossa, ett\u00e4 sit\u00e4 voidaan k\u00e4ytt\u00e4\u00e4 sopimuksessa tarkoitettuun toimintaan. Mik\u00e4li laitteessa ilmenee vuokra-aikana tekninen vika tai muu virhe, on vuokralaisella oikeus vaatia virhett\u00e4 vastaavaa vuokranalennusta.<\/p>\n\n\n\n<p>Jos laitteen kunnosta johtuva virhe on olennainen, vuokralainen voi vaatia vuokrasopimuksen purkua.<\/p>\n\n\n\n<p>Vuokranantaja ei vastaa laitteen rikkoutumisen tai vian aiheuttamasta vahingoista vuokralaiselle, vuokralaisen omaisuudelle, liikennev\u00e4lineille tai muille henkil\u00f6ille kuin enint\u00e4\u00e4n vuokran m\u00e4\u00e4r\u00e4\u00e4n saakka.<\/p>\n\n\n\n<p>T\u00e4m\u00e4 koskee my\u00f6s mik\u00e4li laite ei ole vuokra-ajan alkaessa teknisesti siin\u00e4 kunnossa, ett\u00e4 se voidaan vuokrata asiakkaalle. Vuokralleantaja ei vastaa siit\u00e4 v\u00e4litt\u00f6m\u00e4st\u00e4 tai v\u00e4lillisest\u00e4 vahingosta, joka laitteen rikkoutumisesta ja keskeytymisest\u00e4 vuokralleottajalle saattaa aiheutua.<br><\/p>\n\n\n\n<p><strong>Vuokraan sis\u00e4ltyv\u00e4t asiat<\/strong><\/p>\n\n\n\n<ul class=\"wp-block-list\"><li>Kevytper\u00e4vaunu DKU-524, jossa kiinte\u00e4sti lavan p\u00e4\u00e4lle asennettuna 8-10 hl\u00f6n merialumiininen kylpypalju ja kamiina<\/li><li>Per\u00e4vaunun liikennevakuutus<\/li><li>Normaalin kulumisen aiheuttamat korjaukset<br><\/li><\/ul>\n\n\n\n<p><strong>Sopimuksen purkaminen<\/strong><\/p>\n\n\n\n<p>Vuokraus maksetaan kokonaisuudessaan etuk\u00e4teen laskulla. <meta charset=\"utf-8\">Varaus on sitova vasta maksun suorituksen j\u00e4lkeen.<br>Jos vuokralainen haluaa purkaa vuokrasopimuksen on siit\u00e4 ilmoitettava puhelimitse ja s\u00e4hk\u00f6postilla vuokranantajalle.<br>Jos vuokralainen purkaa sopimuksen yli 30 vrk ennen vuokra-ajan alkua palautetaan vuokra kokonaisuudessaan.<br>Jos vuokralainen purkaa sopimuksen 14-30 vrk ennen vuokrauksen alkamista palautetaan vuokrasta 50%<br><meta charset=\"utf-8\">Jos vuokralainen purkaa sopimuksen 7-14 vrk ennen vuokrauksen alkamista palautetaan vuokrasta 30%<br>Alle 7 vrk sis\u00e4ll\u00e4 vuokrauksen alkamisesta peruutetusta varauksesta vuokraa ei palauteta.<br>Juhlapyhien sek\u00e4 syys- ja hiihtolomien varauksissa alle 30vrk sis\u00e4ll\u00e4 vuokrauksen alkamisesta peruutetusta varauksesta vuokraa ei palauteta.<br><\/p>\n\n\n\n<p>Vuokranantajalla on oikeus purkaa vuokra-ajan kuluessa vuokrasopimus, jos k\u00e4y ilmi, ett\u00e4 vuokralainen rikkoo olennaisesti vuokrasopimusta tai n\u00e4it\u00e4 vuokrausehtoja tai ett\u00e4 vuokralainen ei vuokranantajan arvion mukaan kykene k\u00e4sittelem\u00e4\u00e4n laitetta asianmukaisesti.<\/p>\n\n\n\n<p>Jos hinattavan laitteen k\u00e4ytt\u00f6 estyy tapahtuneen vahingon tai varkauden takia, sopimus purkautuu vuokranantajan saatua ilmoituksen tapahtuneesta vahingosta tai varkaudesta ottaen kuitenkin huomioon vuokralaisen velvollisuudet ja vastuut pyk\u00e4l\u00e4ss\u00e4 olevat asiat.<\/p>\n\n\n\n<p>Vuokranantajan purkaessa vuokrasopimuksen, on vuokralainen velvollinen palauttamaan laitteen viivytyksett\u00e4 vuokranantajalle.<br><\/p>\n\n\n\n<p><strong>Riitaisuuksien ratkaiseminen<\/strong><\/p>\n\n\n\n<p>Jos erimielisyyksi\u00e4 ei voida ratkaista osapuolten v\u00e4lisell\u00e4 neuvottelulla, vuokralainen voi saattaa asian kuluttajavalituslautakunnan k\u00e4sitelt\u00e4v\u00e4ksi. Jos erimielisyydet saatetaan tuomioistuimen ratkaistavaksi, kanne on nostettava vuokranantajan kotipaikan k\u00e4r\u00e4j\u00e4oikeudessa.<\/p>\n","protected":false},"excerpt":{"rendered":"<p>HINATTAVAN KYLPYTYNNYRIN VUOKRASOPIMUSEHDOT(kevyt per\u00e4vaunu DKU-524 + palju irtaimistoineen) Vuokralleottajan (vuokralainen) on noudatettava n\u00e4it\u00e4 hinattavan kylpytynnyrin (my\u00f6hemmin &#8220;laite&#8221;) vuokrausehtoja sek\u00e4 paljun k\u00e4ytt\u00f6ohjeita. Muu kuin ohjeiden mukainen k\u00e4ytt\u00f6 on kielletty. Vuokralleottaja on vastuussa k\u00e4yt\u00f6n aikaisesta turvallisuudesta ja ohjeiden noudattamisesta. Vuokra-aika Vuokra-aika alkaa<span class=\"more-button\"><a href=\"https:\/\/aarrekammio.com\/?page_id=17\" class=\"more-link\">Continue reading<span class=\"screen-reader-text\">PALJUN VUOKRAEHDOT<\/span><\/a><\/a><\/p>\n","protected":false},"author":1,"featured_media":0,"parent":0,"menu_order":5,"comment_status":"closed","ping_status":"closed","template":"","meta":{"footnotes":""},"class_list":["post-17","page","type-page","status-publish","hentry"],"yoast_head":"<!-- This site is optimized with the Yoast SEO plugin v25.8 - https:\/\/yoast.com\/wordpress\/plugins\/seo\/ -->\n<title>PALJUN VUOKRAEHDOT - AARREKAMMIO OY<\/title>\n<meta name=\"robots\" content=\"index, follow, max-snippet:-1, max-image-preview:large, max-video-preview:-1\" \/>\n<link rel=\"canonical\" href=\"https:\/\/aarrekammio.com\/?page_id=17\" \/>\n<meta property=\"og:locale\" content=\"en_US\" \/>\n<meta property=\"og:type\" content=\"article\" \/>\n<meta property=\"og:title\" content=\"PALJUN VUOKRAEHDOT - AARREKAMMIO OY\" \/>\n<meta property=\"og:description\" content=\"HINATTAVAN KYLPYTYNNYRIN VUOKRASOPIMUSEHDOT(kevyt per\u00e4vaunu DKU-524 + palju irtaimistoineen) Vuokralleottajan (vuokralainen) on noudatettava n\u00e4it\u00e4 hinattavan kylpytynnyrin (my\u00f6hemmin &#8220;laite&#8221;) vuokrausehtoja sek\u00e4 paljun k\u00e4ytt\u00f6ohjeita. Muu kuin ohjeiden mukainen k\u00e4ytt\u00f6 on kielletty. Vuokralleottaja on vastuussa k\u00e4yt\u00f6n aikaisesta turvallisuudesta ja ohjeiden noudattamisesta. Vuokra-aika Vuokra-aika alkaaContinue readingPALJUN VUOKRAEHDOT\" \/>\n<meta property=\"og:url\" content=\"https:\/\/aarrekammio.com\/?page_id=17\" \/>\n<meta property=\"og:site_name\" content=\"AARREKAMMIO OY\" \/>\n<meta property=\"article:modified_time\" content=\"2021-09-22T18:01:15+00:00\" \/>\n<meta name=\"twitter:card\" content=\"summary_large_image\" \/>\n<meta name=\"twitter:label1\" content=\"Est. reading time\" \/>\n\t<meta name=\"twitter:data1\" content=\"5 minutes\" \/>\n<script type=\"application\/ld+json\" class=\"yoast-schema-graph\">{\"@context\":\"https:\/\/schema.org\",\"@graph\":[{\"@type\":\"WebPage\",\"@id\":\"https:\/\/aarrekammio.com\/?page_id=17\",\"url\":\"https:\/\/aarrekammio.com\/?page_id=17\",\"name\":\"PALJUN VUOKRAEHDOT - AARREKAMMIO OY\",\"isPartOf\":{\"@id\":\"https:\/\/aarrekammio.com\/#website\"},\"datePublished\":\"2021-09-07T15:14:14+00:00\",\"dateModified\":\"2021-09-22T18:01:15+00:00\",\"breadcrumb\":{\"@id\":\"https:\/\/aarrekammio.com\/?page_id=17#breadcrumb\"},\"inLanguage\":\"en-US\",\"potentialAction\":[{\"@type\":\"ReadAction\",\"target\":[\"https:\/\/aarrekammio.com\/?page_id=17\"]}]},{\"@type\":\"BreadcrumbList\",\"@id\":\"https:\/\/aarrekammio.com\/?page_id=17#breadcrumb\",\"itemListElement\":[{\"@type\":\"ListItem\",\"position\":1,\"name\":\"Etusivu\",\"item\":\"https:\/\/aarrekammio.com\/\"},{\"@type\":\"ListItem\",\"position\":2,\"name\":\"PALJUN VUOKRAEHDOT\"}]},{\"@type\":\"WebSite\",\"@id\":\"https:\/\/aarrekammio.com\/#website\",\"url\":\"https:\/\/aarrekammio.com\/\",\"name\":\"AARREKAMMIO OY\",\"description\":\"\",\"potentialAction\":[{\"@type\":\"SearchAction\",\"target\":{\"@type\":\"EntryPoint\",\"urlTemplate\":\"https:\/\/aarrekammio.com\/?s={search_term_string}\"},\"query-input\":{\"@type\":\"PropertyValueSpecification\",\"valueRequired\":true,\"valueName\":\"search_term_string\"}}],\"inLanguage\":\"en-US\"}]}<\/script>\n<!-- \/ Yoast SEO plugin. -->","yoast_head_json":{"title":"PALJUN VUOKRAEHDOT - AARREKAMMIO OY","robots":{"index":"index","follow":"follow","max-snippet":"max-snippet:-1","max-image-preview":"max-image-preview:large","max-video-preview":"max-video-preview:-1"},"canonical":"https:\/\/aarrekammio.com\/?page_id=17","og_locale":"en_US","og_type":"article","og_title":"PALJUN VUOKRAEHDOT - AARREKAMMIO OY","og_description":"HINATTAVAN KYLPYTYNNYRIN VUOKRASOPIMUSEHDOT(kevyt per\u00e4vaunu DKU-524 + palju irtaimistoineen) Vuokralleottajan (vuokralainen) on noudatettava n\u00e4it\u00e4 hinattavan kylpytynnyrin (my\u00f6hemmin &#8220;laite&#8221;) vuokrausehtoja sek\u00e4 paljun k\u00e4ytt\u00f6ohjeita. Muu kuin ohjeiden mukainen k\u00e4ytt\u00f6 on kielletty. Vuokralleottaja on vastuussa k\u00e4yt\u00f6n aikaisesta turvallisuudesta ja ohjeiden noudattamisesta. Vuokra-aika Vuokra-aika alkaaContinue readingPALJUN VUOKRAEHDOT","og_url":"https:\/\/aarrekammio.com\/?page_id=17","og_site_name":"AARREKAMMIO OY","article_modified_time":"2021-09-22T18:01:15+00:00","twitter_card":"summary_large_image","twitter_misc":{"Est. reading time":"5 minutes"},"schema":{"@context":"https:\/\/schema.org","@graph":[{"@type":"WebPage","@id":"https:\/\/aarrekammio.com\/?page_id=17","url":"https:\/\/aarrekammio.com\/?page_id=17","name":"PALJUN VUOKRAEHDOT - AARREKAMMIO OY","isPartOf":{"@id":"https:\/\/aarrekammio.com\/#website"},"datePublished":"2021-09-07T15:14:14+00:00","dateModified":"2021-09-22T18:01:15+00:00","breadcrumb":{"@id":"https:\/\/aarrekammio.com\/?page_id=17#breadcrumb"},"inLanguage":"en-US","potentialAction":[{"@type":"ReadAction","target":["https:\/\/aarrekammio.com\/?page_id=17"]}]},{"@type":"BreadcrumbList","@id":"https:\/\/aarrekammio.com\/?page_id=17#breadcrumb","itemListElement":[{"@type":"ListItem","position":1,"name":"Etusivu","item":"https:\/\/aarrekammio.com\/"},{"@type":"ListItem","position":2,"name":"PALJUN VUOKRAEHDOT"}]},{"@type":"WebSite","@id":"https:\/\/aarrekammio.com\/#website","url":"https:\/\/aarrekammio.com\/","name":"AARREKAMMIO OY","description":"","potentialAction":[{"@type":"SearchAction","target":{"@type":"EntryPoint","urlTemplate":"https:\/\/aarrekammio.com\/?s={search_term_string}"},"query-input":{"@type":"PropertyValueSpecification","valueRequired":true,"valueName":"search_term_string"}}],"inLanguage":"en-US"}]}},"_links":{"self":[{"href":"https:\/\/aarrekammio.com\/index.php?rest_route=\/wp\/v2\/pages\/17","targetHints":{"allow":["GET"]}}],"collection":[{"href":"https:\/\/aarrekammio.com\/index.php?rest_route=\/wp\/v2\/pages"}],"about":[{"href":"https:\/\/aarrekammio.com\/index.php?rest_route=\/wp\/v2\/types\/page"}],"author":[{"embeddable":true,"href":"https:\/\/aarrekammio.com\/index.php?rest_route=\/wp\/v2\/users\/1"}],"replies":[{"embeddable":true,"href":"https:\/\/aarrekammio.com\/index.php?rest_route=%2Fwp%2Fv2%2Fcomments&post=17"}],"version-history":[{"count":27,"href":"https:\/\/aarrekammio.com\/index.php?rest_route=\/wp\/v2\/pages\/17\/revisions"}],"predecessor-version":[{"id":203,"href":"https:\/\/aarrekammio.com\/index.php?rest_route=\/wp\/v2\/pages\/17\/revisions\/203"}],"wp:attachment":[{"href":"https:\/\/aarrekammio.com\/index.php?rest_route=%2Fwp%2Fv2%2Fmedia&parent=17"}],"curies":[{"name":"wp","href":"https:\/\/api.w.org\/{rel}","templated":true}]}}