{"id":10,"date":"2021-09-07T18:06:21","date_gmt":"2021-09-07T15:06:21","guid":{"rendered":"https:\/\/aarrekammio.com\/?page_id=10"},"modified":"2023-11-14T13:12:34","modified_gmt":"2023-11-14T11:12:34","slug":"paljun-vuokraus","status":"publish","type":"page","link":"https:\/\/aarrekammio.com\/?page_id=10","title":{"rendered":"PALJUN VUOKRAHINNASTO"},"content":{"rendered":"\n<h3 class=\"wp-block-heading has-text-align-center\"><strong>HINNASTO<\/strong> <\/h3>\n\n\n\n<p class=\"has-text-align-center\">1.12.2023 alkaen<br>.<br>.<\/p>\n\n\n\n<p class=\"has-text-align-center\">Ma-pe <strong>50\u20ac\/vrk<\/strong>, minimi vuokra-aika 2vrk<\/p>\n\n\n\n<p class=\"has-text-align-center\"><meta charset=\"utf-8\">Viikonloppu pe-su <strong>160\u20ac<\/strong><\/p>\n\n\n\n<p class=\"has-text-align-center\">Pitk\u00e4 viikonloppu to-su tai pe-ma <strong>190\u20ac<\/strong><\/p>\n\n\n\n<p class=\"has-text-align-center\">Koko viikko su-su <strong>220\u20ac<\/strong><br>.<br>.<br>.<\/p>\n\n\n\n<p class=\"has-text-align-center\"><mark style=\"background-color:rgba(0, 0, 0, 0)\" class=\"has-inline-color has-black-color\"><strong>JUHLAPYH\u00c4T:<\/strong><\/mark>  <br>(yliviivatut on jo varattu)<br><br>Joulu pe 22. &#8211; ti 26.12.2023                <strong>250\u20ac<\/strong><br>Uusi vuosi pe 29.12. &#8211; ti 2.1.2024     <strong>250\u20ac<\/strong><br>Hiihtoloma 2024 (vk 8) su-su    <strong>        280\u20ac<\/strong><br><meta charset=\"utf-8\"><\/meta>Hiihtoloma 2024 (vk 9) su-su    <strong>        280\u20ac<\/strong><br>P\u00e4\u00e4si\u00e4inen to 28.3 &#8211; ma 1.4.2024    <strong> 250\u20ac<\/strong><br>Juhannus to 20. &#8211; ma 24.6.2024      <strong>  250\u20ac<\/strong><br><br>.<\/p>\n\n\n\n<p><\/p>\n\n\n\n<p class=\"has-text-align-center\">Erikseen sovittaessa onnistuu my\u00f6s paljun toimittaminen suoraan juhlapaikalle<br>Kuljetuksen hinta on 20\u20ac + 1\u20ac\/km<br>.<\/p>\n\n\n\n<p class=\"has-text-align-center\">Varauskyselyt soittamalla tai viestill\u00e4 <br><strong>040-5421871<\/strong><\/p>\n\n\n\n<p class=\"has-text-align-center has-black-color has-text-color\">tai spostilla<br><strong>Aarrekammiooy@gmail.com<\/strong><br>.<br>KATSO VAPAAT AJAT <a href=\"https:\/\/aarrekammio.com\/?page_id=104\" target=\"_blank\" rel=\"noreferrer noopener\">VARAUSKALENTERISTA<\/a>!!<br>.<br>Varaus on vahvistetaan spostilla ja  <br>maksettu varaus ilmestyy varauskalenteriin p\u00e4iv\u00e4n-parin viiveell\u00e4.<br>.<br>.<\/p>\n\n\n\n<figure class=\"wp-block-image size-large is-style-rounded\"><img loading=\"lazy\" decoding=\"async\" width=\"1024\" height=\"805\" src=\"https:\/\/aarrekammio.com\/wp-content\/uploads\/2021\/09\/3-1024x805.jpg\" alt=\"\" class=\"wp-image-190\" srcset=\"https:\/\/aarrekammio.com\/wp-content\/uploads\/2021\/09\/3-1024x805.jpg 1024w, https:\/\/aarrekammio.com\/wp-content\/uploads\/2021\/09\/3-300x236.jpg 300w, https:\/\/aarrekammio.com\/wp-content\/uploads\/2021\/09\/3-768x604.jpg 768w, https:\/\/aarrekammio.com\/wp-content\/uploads\/2021\/09\/3-1536x1208.jpg 1536w, https:\/\/aarrekammio.com\/wp-content\/uploads\/2021\/09\/3-2048x1610.jpg 2048w\" sizes=\"auto, (max-width: 1024px) 100vw, 1024px\" \/><\/figure>\n\n\n\n<p class=\"has-text-align-center\"><\/p>\n\n\n\n<p class=\"has-text-align-center\">Palju on valmistettu kest\u00e4v\u00e4st\u00e4 merialumiinista, joka on helppo pit\u00e4\u00e4 puhtaana, mik\u00e4 on erityisen t\u00e4rke\u00e4\u00e4 vuokrak\u00e4yt\u00f6ss\u00e4. Palju desinfioidaan jokaisen vuokrauksen j\u00e4lkeen, jotta se olisi miellytt\u00e4v\u00e4 aina seuraavillekin kylpij\u00f6ille. Paljuk\u00e4rry painaa tyhj\u00e4n\u00e4 noin 550 kiloa eli sit\u00e4 pystyy vet\u00e4m\u00e4\u00e4n tavallisella koukullisella henkil\u00f6autolla ja B-ajokortti riitt\u00e4\u00e4.<\/p>\n\n\n\n<p class=\"has-text-align-center\">Paljuun menee noin 1,5 kuutiota vett\u00e4. Riippuen alueen vedenpaineesta paljun t\u00e4ytt\u00f6 kest\u00e4\u00e4 1-2h. L\u00e4mmitys kest\u00e4\u00e4 kes\u00e4ll\u00e4 noin 2,5-3 tuntia ja talvella noin 3,5-4 tuntia riippuen veden l\u00e4ht\u00f6l\u00e4mp\u00f6tilasta, polttopuun laadusta sek\u00e4 kuinka ahkerasti puuta lis\u00e4ilee. Yhteen l\u00e4mmitykseen tarvitaan noin 1,5 kottik\u00e4rryllist\u00e4 puuta. L\u00e4mmityksen j\u00e4lkeen paljuiluun sopivaa l\u00e4mp\u00f6tilaa yll\u00e4pit\u00e4\u00e4 muutamalla klapilla tunnissa.<br>.<br>.<\/p>\n\n\n\n<figure class=\"wp-block-image size-large is-style-rounded\"><img loading=\"lazy\" decoding=\"async\" width=\"935\" height=\"1024\" src=\"https:\/\/aarrekammio.com\/wp-content\/uploads\/2021\/09\/5-935x1024.jpg\" alt=\"\" class=\"wp-image-192\" srcset=\"https:\/\/aarrekammio.com\/wp-content\/uploads\/2021\/09\/5-935x1024.jpg 935w, https:\/\/aarrekammio.com\/wp-content\/uploads\/2021\/09\/5-274x300.jpg 274w, https:\/\/aarrekammio.com\/wp-content\/uploads\/2021\/09\/5-768x841.jpg 768w, https:\/\/aarrekammio.com\/wp-content\/uploads\/2021\/09\/5-1403x1536.jpg 1403w, https:\/\/aarrekammio.com\/wp-content\/uploads\/2021\/09\/5-1871x2048.jpg 1871w\" sizes=\"auto, (max-width: 935px) 100vw, 935px\" \/><\/figure>\n","protected":false},"excerpt":{"rendered":"<p>HINNASTO 1.12.2023 alkaen.. Ma-pe 50\u20ac\/vrk, minimi vuokra-aika 2vrk Viikonloppu pe-su 160\u20ac Pitk\u00e4 viikonloppu to-su tai pe-ma 190\u20ac Koko viikko su-su 220\u20ac&#8230; JUHLAPYH\u00c4T: (yliviivatut on jo varattu) Joulu pe 22. &#8211; ti 26.12.2023 250\u20acUusi vuosi pe 29.12. &#8211; ti 2.1.2024 250\u20acHiihtoloma<span class=\"more-button\"><a href=\"https:\/\/aarrekammio.com\/?page_id=10\" class=\"more-link\">Continue reading<span class=\"screen-reader-text\">PALJUN VUOKRAHINNASTO<\/span><\/a><\/a><\/p>\n","protected":false},"author":1,"featured_media":0,"parent":0,"menu_order":3,"comment_status":"closed","ping_status":"closed","template":"","meta":{"footnotes":""},"class_list":["post-10","page","type-page","status-publish","hentry"],"yoast_head":"<!-- This site is optimized with the Yoast SEO plugin v25.8 - https:\/\/yoast.com\/wordpress\/plugins\/seo\/ -->\n<title>PALJUN VUOKRAHINNASTO - AARREKAMMIO OY<\/title>\n<meta name=\"description\" content=\"Paljun vuokraus Lahti, Vuokraa palju Lahti, Vuokrapalju Lahti, Vuokraa per\u00e4k\u00e4rrypalju Lahti. Alk 50\u20ac\/vrk, 150\u20ac\/vkl. Aarrekammio oy\" \/>\n<meta name=\"robots\" content=\"index, follow, max-snippet:-1, max-image-preview:large, max-video-preview:-1\" \/>\n<link rel=\"canonical\" href=\"https:\/\/aarrekammio.com\/?page_id=10\" \/>\n<meta property=\"og:locale\" content=\"en_US\" \/>\n<meta property=\"og:type\" content=\"article\" \/>\n<meta property=\"og:title\" content=\"PALJUN VUOKRAHINNASTO - AARREKAMMIO OY\" \/>\n<meta property=\"og:description\" content=\"Paljun vuokraus Lahti, Vuokraa palju Lahti, Vuokrapalju Lahti, Vuokraa per\u00e4k\u00e4rrypalju Lahti. Alk 50\u20ac\/vrk, 150\u20ac\/vkl. Aarrekammio oy\" \/>\n<meta property=\"og:url\" content=\"https:\/\/aarrekammio.com\/?page_id=10\" \/>\n<meta property=\"og:site_name\" content=\"AARREKAMMIO OY\" \/>\n<meta property=\"article:modified_time\" content=\"2023-11-14T11:12:34+00:00\" \/>\n<meta property=\"og:image\" content=\"https:\/\/aarrekammio.com\/wp-content\/uploads\/2021\/09\/3-1024x805.jpg\" \/>\n<meta name=\"twitter:card\" content=\"summary_large_image\" \/>\n<meta name=\"twitter:label1\" content=\"Est. reading time\" \/>\n\t<meta name=\"twitter:data1\" content=\"2 minutes\" \/>\n<script type=\"application\/ld+json\" class=\"yoast-schema-graph\">{\"@context\":\"https:\/\/schema.org\",\"@graph\":[{\"@type\":\"WebPage\",\"@id\":\"https:\/\/aarrekammio.com\/?page_id=10\",\"url\":\"https:\/\/aarrekammio.com\/?page_id=10\",\"name\":\"PALJUN VUOKRAHINNASTO - AARREKAMMIO OY\",\"isPartOf\":{\"@id\":\"https:\/\/aarrekammio.com\/#website\"},\"primaryImageOfPage\":{\"@id\":\"https:\/\/aarrekammio.com\/?page_id=10#primaryimage\"},\"image\":{\"@id\":\"https:\/\/aarrekammio.com\/?page_id=10#primaryimage\"},\"thumbnailUrl\":\"https:\/\/aarrekammio.com\/wp-content\/uploads\/2021\/09\/3-1024x805.jpg\",\"datePublished\":\"2021-09-07T15:06:21+00:00\",\"dateModified\":\"2023-11-14T11:12:34+00:00\",\"description\":\"Paljun vuokraus Lahti, Vuokraa palju Lahti, Vuokrapalju Lahti, Vuokraa per\u00e4k\u00e4rrypalju Lahti. Alk 50\u20ac\/vrk, 150\u20ac\/vkl. Aarrekammio oy\",\"breadcrumb\":{\"@id\":\"https:\/\/aarrekammio.com\/?page_id=10#breadcrumb\"},\"inLanguage\":\"en-US\",\"potentialAction\":[{\"@type\":\"ReadAction\",\"target\":[\"https:\/\/aarrekammio.com\/?page_id=10\"]}]},{\"@type\":\"ImageObject\",\"inLanguage\":\"en-US\",\"@id\":\"https:\/\/aarrekammio.com\/?page_id=10#primaryimage\",\"url\":\"https:\/\/aarrekammio.com\/wp-content\/uploads\/2021\/09\/3-scaled.jpg\",\"contentUrl\":\"https:\/\/aarrekammio.com\/wp-content\/uploads\/2021\/09\/3-scaled.jpg\",\"width\":2560,\"height\":2013},{\"@type\":\"BreadcrumbList\",\"@id\":\"https:\/\/aarrekammio.com\/?page_id=10#breadcrumb\",\"itemListElement\":[{\"@type\":\"ListItem\",\"position\":1,\"name\":\"Etusivu\",\"item\":\"https:\/\/aarrekammio.com\/\"},{\"@type\":\"ListItem\",\"position\":2,\"name\":\"PALJUN VUOKRAHINNASTO\"}]},{\"@type\":\"WebSite\",\"@id\":\"https:\/\/aarrekammio.com\/#website\",\"url\":\"https:\/\/aarrekammio.com\/\",\"name\":\"AARREKAMMIO OY\",\"description\":\"\",\"potentialAction\":[{\"@type\":\"SearchAction\",\"target\":{\"@type\":\"EntryPoint\",\"urlTemplate\":\"https:\/\/aarrekammio.com\/?s={search_term_string}\"},\"query-input\":{\"@type\":\"PropertyValueSpecification\",\"valueRequired\":true,\"valueName\":\"search_term_string\"}}],\"inLanguage\":\"en-US\"}]}<\/script>\n<!-- \/ Yoast SEO plugin. -->","yoast_head_json":{"title":"PALJUN VUOKRAHINNASTO - AARREKAMMIO OY","description":"Paljun vuokraus Lahti, Vuokraa palju Lahti, Vuokrapalju Lahti, Vuokraa per\u00e4k\u00e4rrypalju Lahti. Alk 50\u20ac\/vrk, 150\u20ac\/vkl. Aarrekammio oy","robots":{"index":"index","follow":"follow","max-snippet":"max-snippet:-1","max-image-preview":"max-image-preview:large","max-video-preview":"max-video-preview:-1"},"canonical":"https:\/\/aarrekammio.com\/?page_id=10","og_locale":"en_US","og_type":"article","og_title":"PALJUN VUOKRAHINNASTO - AARREKAMMIO OY","og_description":"Paljun vuokraus Lahti, Vuokraa palju Lahti, Vuokrapalju Lahti, Vuokraa per\u00e4k\u00e4rrypalju Lahti. Alk 50\u20ac\/vrk, 150\u20ac\/vkl. Aarrekammio oy","og_url":"https:\/\/aarrekammio.com\/?page_id=10","og_site_name":"AARREKAMMIO OY","article_modified_time":"2023-11-14T11:12:34+00:00","og_image":[{"url":"https:\/\/aarrekammio.com\/wp-content\/uploads\/2021\/09\/3-1024x805.jpg","type":"","width":"","height":""}],"twitter_card":"summary_large_image","twitter_misc":{"Est. reading time":"2 minutes"},"schema":{"@context":"https:\/\/schema.org","@graph":[{"@type":"WebPage","@id":"https:\/\/aarrekammio.com\/?page_id=10","url":"https:\/\/aarrekammio.com\/?page_id=10","name":"PALJUN VUOKRAHINNASTO - AARREKAMMIO OY","isPartOf":{"@id":"https:\/\/aarrekammio.com\/#website"},"primaryImageOfPage":{"@id":"https:\/\/aarrekammio.com\/?page_id=10#primaryimage"},"image":{"@id":"https:\/\/aarrekammio.com\/?page_id=10#primaryimage"},"thumbnailUrl":"https:\/\/aarrekammio.com\/wp-content\/uploads\/2021\/09\/3-1024x805.jpg","datePublished":"2021-09-07T15:06:21+00:00","dateModified":"2023-11-14T11:12:34+00:00","description":"Paljun vuokraus Lahti, Vuokraa palju Lahti, Vuokrapalju Lahti, Vuokraa per\u00e4k\u00e4rrypalju Lahti. Alk 50\u20ac\/vrk, 150\u20ac\/vkl. Aarrekammio oy","breadcrumb":{"@id":"https:\/\/aarrekammio.com\/?page_id=10#breadcrumb"},"inLanguage":"en-US","potentialAction":[{"@type":"ReadAction","target":["https:\/\/aarrekammio.com\/?page_id=10"]}]},{"@type":"ImageObject","inLanguage":"en-US","@id":"https:\/\/aarrekammio.com\/?page_id=10#primaryimage","url":"https:\/\/aarrekammio.com\/wp-content\/uploads\/2021\/09\/3-scaled.jpg","contentUrl":"https:\/\/aarrekammio.com\/wp-content\/uploads\/2021\/09\/3-scaled.jpg","width":2560,"height":2013},{"@type":"BreadcrumbList","@id":"https:\/\/aarrekammio.com\/?page_id=10#breadcrumb","itemListElement":[{"@type":"ListItem","position":1,"name":"Etusivu","item":"https:\/\/aarrekammio.com\/"},{"@type":"ListItem","position":2,"name":"PALJUN VUOKRAHINNASTO"}]},{"@type":"WebSite","@id":"https:\/\/aarrekammio.com\/#website","url":"https:\/\/aarrekammio.com\/","name":"AARREKAMMIO OY","description":"","potentialAction":[{"@type":"SearchAction","target":{"@type":"EntryPoint","urlTemplate":"https:\/\/aarrekammio.com\/?s={search_term_string}"},"query-input":{"@type":"PropertyValueSpecification","valueRequired":true,"valueName":"search_term_string"}}],"inLanguage":"en-US"}]}},"_links":{"self":[{"href":"https:\/\/aarrekammio.com\/index.php?rest_route=\/wp\/v2\/pages\/10","targetHints":{"allow":["GET"]}}],"collection":[{"href":"https:\/\/aarrekammio.com\/index.php?rest_route=\/wp\/v2\/pages"}],"about":[{"href":"https:\/\/aarrekammio.com\/index.php?rest_route=\/wp\/v2\/types\/page"}],"author":[{"embeddable":true,"href":"https:\/\/aarrekammio.com\/index.php?rest_route=\/wp\/v2\/users\/1"}],"replies":[{"embeddable":true,"href":"https:\/\/aarrekammio.com\/index.php?rest_route=%2Fwp%2Fv2%2Fcomments&post=10"}],"version-history":[{"count":47,"href":"https:\/\/aarrekammio.com\/index.php?rest_route=\/wp\/v2\/pages\/10\/revisions"}],"predecessor-version":[{"id":221,"href":"https:\/\/aarrekammio.com\/index.php?rest_route=\/wp\/v2\/pages\/10\/revisions\/221"}],"wp:attachment":[{"href":"https:\/\/aarrekammio.com\/index.php?rest_route=%2Fwp%2Fv2%2Fmedia&parent=10"}],"curies":[{"name":"wp","href":"https:\/\/api.w.org\/{rel}","templated":true}]}}